{"id":121,"date":"2019-02-16T16:00:58","date_gmt":"2019-02-16T15:00:58","guid":{"rendered":"https:\/\/www.eco-bio-systems.de\/komposttee\/?page_id=121"},"modified":"2020-11-11T09:44:52","modified_gmt":"2020-11-11T08:44:52","slug":"detailinformationen-zum-braugeraet","status":"publish","type":"page","link":"https:\/\/www.eco-bio-systems.de\/komposttee\/detailinformationen-zum-braugeraet\/","title":{"rendered":"Detailinformationen zu unseren Brauger\u00e4ten"},"content":{"rendered":"<p><strong>Aufbau \/ Funktion allgemein:<\/strong><\/p>\r\n<p><!-- \/wp:paragraph --><\/p>\r\n<p><!-- wp:list --><\/p>\r\n<ul>\r\n<li>Hochleistungskompressoren aus der Fischzucht werden f\u00fcr die Umwelzung und Zirkulation verwendet. Die Fl\u00fcssigkeit wird NICHT durch eine Pumpe gef\u00f6rdert. Luftsauerstoff ist die treibende Kraft um die Zirkulation in Gang zu setzen.<\/li>\r\n<li>4 Steigrohre mit \u00dcberlauf gew\u00e4hrleisten eine optimale und schonende Zirkulation<\/li>\r\n<li>Langlebige Konstruktion, da alle Leitungen im Ger\u00e4t verbaut sind<\/li>\r\n<\/ul>\r\n<p><!-- \/wp:list --><\/p>\r\n<p><!-- wp:button {\"backgroundColor\":\"accent\",\"className\":\"is-style-squared\"} --><\/p>\r\n<p><!-- \/wp:button --><\/p>\r\n<p><!-- wp:paragraph {\"fontSize\":\"medium\"} --><\/p>\r\n<p><strong>Angeboten werden 2 Varianten:<\/strong><\/p>\r\n<p><!-- \/wp:paragraph --><\/p>\r\n<p><!-- wp:paragraph {\"customFontSize\":15} --><\/p>\r\n<p style=\"font-size: 15px;\"><a href=\"http:\/\/www.eco-bio-systems.de\/komposttee\/EBS1000.php\" target=\"_blank\" rel=\"noopener noreferrer\">EBS 1000 &#8211; Brauger\u00e4t f\u00fcr Kompost-Tee mit 1.000 L Fassungsverm\u00f6gen und zwei Hochleistungskompressoren<\/a><\/p>\r\n<div id=\"metaslider-id-419\" style=\"max-width: 600px; margin: 0 auto;\" class=\"ml-slider-3-107-0 metaslider metaslider-nivo metaslider-419 ml-slider has-dots-nav ms-theme-default\" role=\"region\" aria-label=\"EBS 1000\" data-height=\"600\" data-width=\"600\">\n    <div id=\"metaslider_container_419\">\n        <div class='slider-wrapper theme-default'><div class='ribbon'><\/div><div id='metaslider_419' class='nivoSlider'><img fetchpriority=\"high\" decoding=\"async\" src=\"https:\/\/i0.wp.com\/www.eco-bio-systems.de\/komposttee\/wp-content\/uploads\/2020\/11\/IMG_3943.jpg?resize=600%2C600&#038;ssl=1\" height=\"600\" width=\"600\" title=\"IMG_3943\" alt=\"\" class=\"slider-419 slide-426 msDefaultImage\" data-recalc-dims=\"1\" \/><img decoding=\"async\" src=\"https:\/\/i0.wp.com\/www.eco-bio-systems.de\/komposttee\/wp-content\/uploads\/2019\/02\/IMG_3543-Large.jpg?resize=600%2C600&#038;ssl=1\" height=\"600\" width=\"600\" title=\"Schaumiger Kompost Tee\" alt=\"\" class=\"slider-419 slide-423 msDefaultImage\" data-recalc-dims=\"1\" \/><img decoding=\"async\" src=\"https:\/\/i0.wp.com\/www.eco-bio-systems.de\/komposttee\/wp-content\/uploads\/2020\/11\/IMG_3937-rotated.jpg?resize=600%2C600&#038;ssl=1\" height=\"600\" width=\"600\" title=\"IMG_3937\" alt=\"\" class=\"slider-419 slide-427 msDefaultImage\" data-recalc-dims=\"1\" \/><img loading=\"lazy\" decoding=\"async\" src=\"https:\/\/i0.wp.com\/www.eco-bio-systems.de\/komposttee\/wp-content\/uploads\/2020\/11\/IMG_3939.jpg?resize=600%2C600&#038;ssl=1\" height=\"600\" width=\"600\" title=\"IMG_3939\" alt=\"\" class=\"slider-419 slide-429 msDefaultImage\" data-recalc-dims=\"1\" \/><img loading=\"lazy\" decoding=\"async\" src=\"https:\/\/i0.wp.com\/www.eco-bio-systems.de\/komposttee\/wp-content\/uploads\/2020\/11\/IMG_3940.jpg?resize=600%2C600&#038;ssl=1\" height=\"600\" width=\"600\" title=\"IMG_3940\" alt=\"\" class=\"slider-419 slide-430 msDefaultImage\" data-recalc-dims=\"1\" \/><\/div><\/div>\n        \n    <\/div>\n<\/div>\r\n<p><!-- \/wp:paragraph --><\/p>\r\n<p><!-- wp:paragraph {\"customFontSize\":15} --><\/p>\r\n<p style=\"font-size: 15px;\"><a href=\"http:\/\/www.eco-bio-systems.de\/komposttee\/EBS600.php\" target=\"_blank\" rel=\"noopener noreferrer\">EBS 600 &#8211; Brauger\u00e4t f\u00fcr Kompost-Tee mit 600 L Fassungsverm\u00f6gen und einem Hochleistungskompressor<\/a><\/p>\r\n<div id=\"metaslider-id-336\" style=\"max-width: 600px; margin: 0 auto;\" class=\"ml-slider-3-107-0 metaslider metaslider-nivo metaslider-336 ml-slider has-dots-nav ms-theme-default\" role=\"region\" aria-label=\"EBS 600\" data-height=\"600\" data-width=\"600\">\n    <div id=\"metaslider_container_336\">\n        <div class='slider-wrapper theme-default'><div class='ribbon'><\/div><div id='metaslider_336' class='nivoSlider'><img loading=\"lazy\" decoding=\"async\" src=\"https:\/\/i0.wp.com\/www.eco-bio-systems.de\/komposttee\/wp-content\/uploads\/2020\/11\/IMG_5393-rotated.jpg?resize=600%2C600&#038;ssl=1\" height=\"600\" width=\"600\" title=\"IMG_5393\" alt=\"\" class=\"slider-336 slide-409 msDefaultImage\" data-recalc-dims=\"1\" \/><img loading=\"lazy\" decoding=\"async\" src=\"https:\/\/i0.wp.com\/www.eco-bio-systems.de\/komposttee\/wp-content\/uploads\/2020\/11\/IMG_5391-rotated.jpg?resize=600%2C600&#038;ssl=1\" height=\"600\" width=\"600\" title=\"IMG_5391\" alt=\"\" class=\"slider-336 slide-411 msDefaultImage\" data-recalc-dims=\"1\" \/><img loading=\"lazy\" decoding=\"async\" src=\"https:\/\/i0.wp.com\/www.eco-bio-systems.de\/komposttee\/wp-content\/uploads\/2019\/02\/IMG_3541-Large-e1550327604826-600x600.jpg?resize=600%2C600&#038;ssl=1\" height=\"600\" width=\"600\" title=\"Einblick am Steigrohr vorbei\" alt=\"\" class=\"slider-336 slide-339 msDefaultImage\" data-recalc-dims=\"1\" \/><img loading=\"lazy\" decoding=\"async\" src=\"https:\/\/i0.wp.com\/www.eco-bio-systems.de\/komposttee\/wp-content\/uploads\/2019\/02\/IMG_3543-Large.jpg?resize=600%2C600&#038;ssl=1\" height=\"600\" width=\"600\" title=\"Schaumiger Kompost Tee\" alt=\"\" class=\"slider-336 slide-340 msDefaultImage\" data-recalc-dims=\"1\" \/><img loading=\"lazy\" decoding=\"async\" src=\"https:\/\/i0.wp.com\/www.eco-bio-systems.de\/komposttee\/wp-content\/uploads\/2020\/11\/IMG_5395-rotated.jpg?resize=600%2C600&#038;ssl=1\" height=\"600\" width=\"600\" title=\"IMG_5395\" alt=\"EBS 600 - Kompost Tee Brauer mit 600 L Volumen\" class=\"slider-336 slide-408 msDefaultImage\" data-recalc-dims=\"1\" \/><img loading=\"lazy\" decoding=\"async\" src=\"https:\/\/i0.wp.com\/www.eco-bio-systems.de\/komposttee\/wp-content\/uploads\/2020\/11\/IMG_5392-rotated.jpg?resize=600%2C600&#038;ssl=1\" height=\"600\" width=\"600\" title=\"IMG_5392\" alt=\"\" class=\"slider-336 slide-410 msDefaultImage\" data-recalc-dims=\"1\" \/><\/div><\/div>\n        \n    <\/div>\n<\/div>\r\n<dl class=\"gallery-item\">\r\n<dt class=\"gallery-icon landscape\"><\/dt>\r\n<\/dl>\r\n<p><strong>Prospekt-Download<\/strong><\/p>\r\n<div class=\"sdm_download_button_box_default\"><div class=\"sdm_download_link\"><a href=\"https:\/\/www.eco-bio-systems.de\/komposttee\/?sdm_process_download=1&download_id=84\" class=\"sdm_download green\" title=\"Detailsaufstellung EBS 1000 &#8211; Brauger\u00e4t zur Erstellung von Kompost-Tee\" target=&quot;_blank&quot;>Jetzt herunterladen!<\/a><\/div><\/div>\r\n<hr \/>\r\n<p>Sie m\u00f6chten direkt mit uns Kontakt aufnehmen? F\u00fcllen Sie bitte das nachfolgende Formular aus:<\/p>\r\n<p>[wpforms id=&#8220;76&#8243;]<\/p>","protected":false},"excerpt":{"rendered":"<p>Aufbau \/ Funktion allgemein: Hochleistungskompressoren aus der Fischzucht werden f\u00fcr die Umwelzung und Zirkulation verwendet. Die Fl\u00fcssigkeit wird NICHT durch eine Pumpe gef\u00f6rdert. Luftsauerstoff ist die treibende Kraft um die Zirkulation in Gang zu setzen. 4 Steigrohre mit \u00dcberlauf gew\u00e4hrleisten eine optimale und schonende Zirkulation Langlebige Konstruktion, da alle Leitungen [&hellip;]<\/p>\n","protected":false},"author":1,"featured_media":0,"parent":0,"menu_order":0,"comment_status":"closed","ping_status":"closed","template":"","meta":{"_themeisle_gutenberg_block_has_review":false,"footnotes":""},"jetpack_sharing_enabled":true,"_links":{"self":[{"href":"https:\/\/www.eco-bio-systems.de\/komposttee\/wp-json\/wp\/v2\/pages\/121"}],"collection":[{"href":"https:\/\/www.eco-bio-systems.de\/komposttee\/wp-json\/wp\/v2\/pages"}],"about":[{"href":"https:\/\/www.eco-bio-systems.de\/komposttee\/wp-json\/wp\/v2\/types\/page"}],"author":[{"embeddable":true,"href":"https:\/\/www.eco-bio-systems.de\/komposttee\/wp-json\/wp\/v2\/users\/1"}],"replies":[{"embeddable":true,"href":"https:\/\/www.eco-bio-systems.de\/komposttee\/wp-json\/wp\/v2\/comments?post=121"}],"version-history":[{"count":29,"href":"https:\/\/www.eco-bio-systems.de\/komposttee\/wp-json\/wp\/v2\/pages\/121\/revisions"}],"predecessor-version":[{"id":438,"href":"https:\/\/www.eco-bio-systems.de\/komposttee\/wp-json\/wp\/v2\/pages\/121\/revisions\/438"}],"wp:attachment":[{"href":"https:\/\/www.eco-bio-systems.de\/komposttee\/wp-json\/wp\/v2\/media?parent=121"}],"curies":[{"name":"wp","href":"https:\/\/api.w.org\/{rel}","templated":true}]}}