{"id":147,"date":"2019-02-16T17:03:50","date_gmt":"2019-02-16T16:03:50","guid":{"rendered":"https:\/\/www.eco-bio-systems.de\/komposttee\/?page_id=147"},"modified":"2021-10-09T09:40:13","modified_gmt":"2021-10-09T07:40:13","slug":"kompost-tee-fuehrt-dem-boden-lebende-mikroorganismen-zu","status":"publish","type":"page","link":"https:\/\/www.eco-bio-systems.de\/komposttee\/kompost-tee-fuehrt-dem-boden-lebende-mikroorganismen-zu\/","title":{"rendered":"Kompost-Tee &#8211; Worum geht es?"},"content":{"rendered":"<p style=\"text-align: justify;\"><\/p>\r\n<p style=\"text-align: justify;\"><strong>Kurze Erl\u00e4uterung:<\/strong><\/p>\r\n<p style=\"text-align: justify;\"><\/p>\r\n<p style=\"text-align: justify;\">Jeder G\u00e4rtner \/ Landwirt kennt die Vorz\u00fcge von gutem, ausgereiftem Kompost, der zur Erhaltung der Mikroorganismen im Boden beitr\u00e4gt. Bakterien und Mykorrhiza-Pilze gehen Symbiosen mit den Feinwurzeln der Kulturpflanzen ein, welche dadurch leichter Wasser und N\u00e4hrstoffe aufnehmen k\u00f6nnen.<\/p>\r\n<p style=\"text-align: justify;\"><\/p>\r\n<p style=\"text-align: justify;\">Ohne ausreichenden Humus verliert der Boden seine Kr\u00fcmelstabilit\u00e4t, was zu einer geringeren Durchl\u00fcftung mit Wasser und Sauerstoff, sowie unzureichender N\u00e4hrstoffversorgung der Kulturpflanzen f\u00fchrt.<\/p>\r\n<p style=\"text-align: justify;\"><\/p>\r\n<p style=\"text-align: justify;\">Verst\u00e4rkt treten Krankheiten und Sch\u00e4dlinge auf &#8211; die Ertr\u00e4ge sinken!<\/p>\r\n<p style=\"text-align: justify;\"><\/p>\r\n<p style=\"text-align: justify;\"><\/p>\r\n<p style=\"text-align: justify;\">Ohne den durch die Lebendverbauung der Mikroorganismen entstandenen Humus werden die feinen, n\u00e4hrstoffreichen Bodenteilchen verweht oder weggeschwemmt. Die Fruchtbarkeit des Bodens nimmt ab und geht folglich verloren.<\/p>\r\n<p><img fetchpriority=\"high\" decoding=\"async\" src=\"https:\/\/i0.wp.com\/www.eco-bio-systems.de\/komposttee\/wp-content\/uploads\/2019\/02\/IMG_3542-Large.jpg?resize=750%2C563&#038;ssl=1\" sizes=\"(max-width: 750px) 100vw, 750px\" srcset=\"https:\/\/i0.wp.com\/www.eco-bio-systems.de\/komposttee\/wp-content\/uploads\/2019\/02\/IMG_3542-Large.jpg?resize=750%2C563&#038;ssl=1 1024w, https:\/\/www.eco-bio-systems.de\/komposttee\/wp-content\/uploads\/2019\/02\/IMG_3542-Large-300x225.jpg 300w, https:\/\/www.eco-bio-systems.de\/komposttee\/wp-content\/uploads\/2019\/02\/IMG_3542-Large-768x576.jpg 768w, https:\/\/www.eco-bio-systems.de\/komposttee\/wp-content\/uploads\/2019\/02\/IMG_3542-Large.jpg 1440w\" alt=\"\" width=\"750\" height=\"563\" data-recalc-dims=\"1\" \/><\/p>\r\n<p style=\"text-align: justify;\"><!-- \/wp:paragraph -->\r\n\r\n<!-- wp:paragraph --><\/p>\r\n<p style=\"text-align: justify;\"><strong>Kompost-T<\/strong><strong>ee<\/strong> ist ein selbst hergestellter, konzentrierter Auszug, welcher dem Boden die lebenden Mikroorganismen wieder zuf\u00fchrt. Somit ist eine langfristige Stabilisierung und Verbesserung des Bodens m\u00f6glich!<br \/>Die Kulturpflanzen wachsen besser, sind ges\u00fcnder und kr\u00e4ftiger &#8211; es kann mittelfristig D\u00fcnger eingespart werden!<\/p>\r\n<p style=\"text-align: justify;\"><strong>Kompost-Tee hat ganzheitliche Schutzfunktionen f\u00fcr die Bl\u00e4tter und auch als Katalysator im Boden<\/strong><\/p>\r\n<p style=\"text-align: justify;\">Kompost-Tee ist nicht einfach nur ein D\u00fcnger, der den Pflanzen eine erh\u00f6hte N\u00e4hrstoffaufnahme erm\u00f6glicht. Die im Kompost-Tee gel\u00f6sten Mikroorganismen sch\u00fctzen die Pflanzen. Auf die Bl\u00e4tter gespr\u00fcht \/ gespritzt, kann Kompost-Tee die Pflanze st\u00e4rken und sogar Sch\u00e4dlinge vernichten. (Hier muss genannt werden, das dies beobachtet werden muss, da eine Gabe Kompost-Tee die Kulturpflanzen nicht vor allen Sch\u00e4dlingen sch\u00fctzen kann). Wird die Kulturpflanze mit Kompost-Tee gegossen, k\u00f6nnen sich unerw\u00fcnschte Erreger im Boden bzw. bodenb\u00fcrtige Krankheiten nicht auf die Wurzeln \u00fcbertragen, diese sind vor sch\u00e4dlichen Pilzen gesch\u00fctzt. Au\u00dferdem wirkt der Kompost-Tee als Katalysator, er erm\u00f6glicht es der Pflanze, die N\u00e4hrstoffe aus dem Boden besser aufzunehmen &#8211; verst\u00e4rkt sogar, wenn Mykorrhizen im Kompost-Tee vermehrt werden, da diese weit entfernte N\u00e4hrstoffe f\u00fcr die Kulturpflanzen verf\u00fcgbar machen, da sie mit der Kulturpflanzen in Symbiose lebt.<\/p>","protected":false},"excerpt":{"rendered":"<p>Kurze Erl\u00e4uterung: Jeder G\u00e4rtner \/ Landwirt kennt die Vorz\u00fcge von gutem, ausgereiftem Kompost, der zur Erhaltung der Mikroorganismen im Boden beitr\u00e4gt. Bakterien und Mykorrhiza-Pilze gehen Symbiosen mit den Feinwurzeln der Kulturpflanzen ein, welche dadurch leichter Wasser und N\u00e4hrstoffe aufnehmen k\u00f6nnen. Ohne ausreichenden Humus verliert der Boden seine Kr\u00fcmelstabilit\u00e4t, was zu [&hellip;]<\/p>\n","protected":false},"author":1,"featured_media":114,"parent":0,"menu_order":0,"comment_status":"closed","ping_status":"closed","template":"","meta":{"_themeisle_gutenberg_block_has_review":false,"footnotes":""},"jetpack_sharing_enabled":true,"_links":{"self":[{"href":"https:\/\/www.eco-bio-systems.de\/komposttee\/wp-json\/wp\/v2\/pages\/147"}],"collection":[{"href":"https:\/\/www.eco-bio-systems.de\/komposttee\/wp-json\/wp\/v2\/pages"}],"about":[{"href":"https:\/\/www.eco-bio-systems.de\/komposttee\/wp-json\/wp\/v2\/types\/page"}],"author":[{"embeddable":true,"href":"https:\/\/www.eco-bio-systems.de\/komposttee\/wp-json\/wp\/v2\/users\/1"}],"replies":[{"embeddable":true,"href":"https:\/\/www.eco-bio-systems.de\/komposttee\/wp-json\/wp\/v2\/comments?post=147"}],"version-history":[{"count":23,"href":"https:\/\/www.eco-bio-systems.de\/komposttee\/wp-json\/wp\/v2\/pages\/147\/revisions"}],"predecessor-version":[{"id":504,"href":"https:\/\/www.eco-bio-systems.de\/komposttee\/wp-json\/wp\/v2\/pages\/147\/revisions\/504"}],"wp:featuredmedia":[{"embeddable":true,"href":"https:\/\/www.eco-bio-systems.de\/komposttee\/wp-json\/wp\/v2\/media\/114"}],"wp:attachment":[{"href":"https:\/\/www.eco-bio-systems.de\/komposttee\/wp-json\/wp\/v2\/media?parent=147"}],"curies":[{"name":"wp","href":"https:\/\/api.w.org\/{rel}","templated":true}]}}