{"id":166,"date":"2019-02-16T17:31:45","date_gmt":"2019-02-16T16:31:45","guid":{"rendered":"https:\/\/www.eco-bio-systems.de\/komposttee\/?page_id=166"},"modified":"2021-11-19T07:24:37","modified_gmt":"2021-11-19T06:24:37","slug":"anwendungen-und-anwendungsbeispiele-fuer-kompost-tee","status":"publish","type":"page","link":"https:\/\/www.eco-bio-systems.de\/komposttee\/anwendungen-und-anwendungsbeispiele-fuer-kompost-tee\/","title":{"rendered":"Anwendungsbeispiele f\u00fcr die Nutzung von Kompost-Tee"},"content":{"rendered":"<p style=\"text-align: justify;\">Kompost-Tee beg\u00fcnstigt ein gesundes, artenreiches Erdreich, in Gartenbaubetrieben ein belebtes Substrat, welches sauerstoffreich und wasserdurchl\u00e4ssig ist. Nur eine solche Umgebung wird dauerhaft gesunde Pflanzen ern\u00e4hren k\u00f6nnen. Daher ist Kompost-Tee immer eine sehr gute Wahl .<\/p>\n<p style=\"text-align: justify;\">Auf die Bl\u00e4tter gespr\u00fcht bzw. gespritzt wirkt der Kompost-Tee wie ein Schutzmittel: Die enthaltenen Mikroorganismen schaden der Kulturpflanze nicht, lassen aber keinen Raum f\u00fcr sch\u00e4dliche Organismen. Sie halten schlicht den Platz besetzt und sch\u00fctzen damit die Kulturpflanzen. Das ist schonender f\u00fcr Pflanzen und Umwelt &#8211;\u00a0 es lassen sich somit im Monokulturanbau Pflanzenschutzmittel drastisch reduzieren, da diese zum Teil\u00a0 auch erw\u00fcnschte\u00a0 Organismen abt\u00f6ten und damit ein Vakuum schaffen, in dem sich in der Folge alles M\u00f6gliche (Unerw\u00fcnschte) wieder verst\u00e4rkt ansiedeln kann.<\/p>\n<p style=\"text-align: justify;\"><strong>Spritzen<\/strong><\/p>\n<p style=\"text-align: justify;\">Das Spritzen im Verd\u00fcnnungsverh\u00e4ltnis 1:10 als Blattanwendung bekommt im biologischen Pflanzenschutz seine besondere Bedeutung. Als Anwendungszeitpunkt sollte die fr\u00fchen Morgen- oder die Abendstunden gew\u00e4hlt werden. \u00c4hnlich anderer Spritzverfahren sollte die Ausbringung bei starker Sonneneinstrahlung generell vermieden werden, da hier die Kulturpflanzen als auch der hergestellte Kompost-Tee auf Grund der Strahlungsintensit\u00e4t Schaden nehmen. Bei Blattgem\u00fcse sollte aus Gr\u00fcnden der Hygiene auf das Spritzen gar komplett verzichtet werden.<\/p>\n<p style=\"text-align: justify;\">Hier w\u00e4re die Alternative \u2013 Bodenbehandlung \/ Gie\u00dfen zu nennen!<\/p>\n<p style=\"text-align: justify;\"><strong>Bodenbehandlung \/ Gie\u00dfen<\/strong><\/p>\n<p style=\"text-align: justify;\">Eine einfache und durchdringende Methode zur Ausbringung des Kompost-Tees ist die Bodenbehandlung bzw. das Gie\u00dfen im Verh\u00e4ltnis 1:5. \u00dcber Installationen zur Injektion des Kompost-Tees durch D\u00fcngermischer, Dosatron u.\u00e4. k\u00f6nnen unsere <a href=\"https:\/\/www.eco-bio-systems.de\/komposttee\/detailinformationen-zum-braugeraet\/\">Brauger\u00e4te<\/a> ganz einfach an die betriebliche Bew\u00e4sserungstechnik angeschlossen werden. Hier ist zu empfehlen, das der Kompost-Tee 1,8 \u2013 2,0%ig in die Bew\u00e4sserung injektiert wird. Ebbe-Flut-, Tropf-, Mattenbew\u00e4sserungen, auch Rasensprenger sind somit gut anzusteuern.<\/p>\n<p style=\"text-align: justify;\"><img fetchpriority=\"high\" decoding=\"async\" src=\"https:\/\/i0.wp.com\/www.eco-bio-systems.de\/komposttee\/wp-content\/uploads\/2019\/02\/refferenz_rasen.jpg?resize=439%2C490&#038;ssl=1\" alt=\"\" width=\"439\" height=\"490\" data-recalc-dims=\"1\" \/><\/p>\n<p style=\"text-align: justify;\">Anwendung von Kompost-Tee auf einer Rasenfl\u00e4che, welcher bisher keine optimale Pflege angedient wurde.<\/p>\n<p style=\"text-align: justify;\">In 2015 wurde noch nicht einmal im Fr\u00fchjahr aufgekalkt, ebenfalls wurde nicht vertikutiert.<\/p>\n<p style=\"text-align: justify;\">Wichtig war im Test, welches Potential im Kompost-Tee steckt, da hier der Rasen auf Grund starker Sonneneinstrahlung und Temperaturen wirklich gelitten hatte.<\/p>\n<p style=\"text-align: justify;\">Verabreichung von Kompost-Tee per Rasenberegnung auch w\u00e4hrend der hohen Temperaturen von bis zu 35\u00b0 C welche in den Kalenderwochen 27 &amp; 28 im Jahr 2015 vorherrschten.<\/p>\n<p style=\"text-align: justify;\">Zwischen dem 13.06.2015 und 07.07.2015 wurde zweimal die Rasenfl\u00e4che gem\u00e4ht.<\/p>\n<p style=\"text-align: justify;\">Das Resultat ist bezeichnend! Dieses l\u00e4sst sich auf andere stark beanspruchten Fl\u00e4chen, wie z.B. Sport- und Fussballrasenfl\u00e4chen (hier besonders vor der Torlinie) und Golfpl\u00e4tze \u00fcbertragen.<\/p>\n<p style=\"text-align: justify;\"><strong>Gartenbau<\/strong><\/p>\n<p style=\"text-align: justify;\">Betrachtet man die stetig anspruchsvolleren Zertifizierungkriterien bei Pflanzen:<\/p>\n<ul style=\"text-align: justify;\">\n<li>Vorgabe &#8211; Pflanzenanbau mit immer weniger Wirkstoffen im agrochemischen Bereich<\/li>\n<li>Vorgabe &#8211; das diverse Kunden bestimmte Wirkstoffe gar nicht mehr in den gartenbaulichen Produkten wissen wollen<\/li>\n<li>gesetzgeberische Ver\u00e4nderungen den Gartenbau &#8211; dr\u00e4ngt diesen im allgemeinen zur Suche nach agrochemischen Alternativen<\/li>\n<\/ul>\n<p style=\"text-align: justify;\">Auch hier ist der Kompost-Tee ein Baustein in der Pflanzenpflege, welcher immer gr\u00f6\u00dfere Beachtung findet. Kompost-Tee stellt auch aus Kostengr\u00fcnden eine wirtschaftliche Alternative dar. Eine Spritzbehandlung direkt auf das Laub besiedelt dieses mit n\u00fctzlichen Mikroorganismen welche Krankheitserreger an der Ausbreitung hindern. \u00dcber die Bew\u00e4sserung injektiert, wird das Substrat im Topf und der Wurzelbereich nachhaltig belebt, somit sind die Kulturpflanzen w\u00fcchsiger und bestechen durch ein vitaleres Aussehen.<\/p>\n<p style=\"text-align: justify;\"><a href=\"https:\/\/www.eco-bio-systems.de\/komposttee\/welche-arten-von-kompost-tee-gibt-es\/\">Welche Arten von Kompost-Tee gibt es?<\/a><\/p>\n<p style=\"text-align: justify;\"><strong>Landwirtschaft<\/strong><\/p>\n<p style=\"text-align: justify;\">Kompost-Tee wird weltweit sowohl in der konventionellen als auch in der biologischen Landwirtschaft eingesetzt. Gesunde Kulturpflanzen, die mit Kompost-Tee behandelt werden, sind weniger anf\u00e4llig f\u00fcr bodenb\u00fcrtige als auch schadinsektbasierten Krankheiten. Der Kompost-Tee dient hierzu als kosteng\u00fcnstiger\u00a0Wachstumsf\u00f6rderer sowie zur nachhaltigen Bodenpflege. Landwirtschaftliche Kulturen weisen eine verbesserte Toleranz gegen\u00fcber Trockenheit auf, gr\u00f6\u00dftenteils wurden sogar die Bew\u00e4sserungsintervalle w\u00e4hrend der\u00a0 Kulturzeit reduziert.\u00a0Bei gro\u00dffl\u00e4chigem Einsatz kann durch die zus\u00e4tzlich Ausbringung von Kompost-Tee der Einsatz von D\u00fcngern und agrochemischen Produkten gesenkt werden kann.<\/p>\n<p style=\"text-align: justify;\"><strong>Unterst\u00fctzung der Rotte <\/strong><a href=\"https:\/\/www.bwagrar.de\/aktuelles\/Komposttee-und-Ferment-herstellen,QUlEPTU2MDExMDImTUlEPTE3MzMxOQ.html\" target=\"_blank\" rel=\"noopener noreferrer\">(Quelle)<\/a><\/p>\n<p style=\"text-align: justify;\">Zitat: Fermente (Kompost-Tee) spr\u00fcht Ebert zum <strong>Lenken <\/strong>der Rotteprozesse auf seinem Feld beim Umbruch von Zwischenfr\u00fcchten auf Pflanzenreste. Die Fermente spr\u00fcht er mit einer D\u00fcse an seiner Fr\u00e4se direkt auf die mit Feinerde gemischten Pflanzenreste.<\/p>\n<p style=\"text-align: justify;\">Die Fl\u00fcssigkeit enth\u00e4lt <strong>Milchs\u00e4urebakterien <\/strong>und <strong>Hefepilze<\/strong>. Diese setzt Ebert in einer Url\u00f6sung an. Nun werden die Mikroorganismen vermehrt, um mehrere hundert Liter Gebrauchsl\u00f6sung (Kompost-Tee) f\u00fcr den Betrieb zu erhalten.<\/p>\n<p style=\"text-align: justify;\">Zum Vermehren der Mikroorganismen in der Fl\u00fcssigkeit nutzt er <strong>Melasse <\/strong>als Energiequelle, wie oben beim Komposttee. Anschlie\u00dfend l\u00e4sst er die Mikroorganismen in der Fl\u00fcssigkeit eine Woche bei <strong>Temperaturen <\/strong>von 30-32\u00b0C arbeiten.<\/p>\n<p style=\"text-align: justify;\"><strong>Vorz\u00fcge bei der Unterst\u00fctzung der Rotte<\/strong><\/p>\n<ul style=\"text-align: justify;\">\n<li>lockt Regenw\u00fcrmer und Bodenlebewesen an, was eine Boden- lockerung f\u00f6rdert<\/li>\n<li>enth\u00e4lt Bakterien, Enzyme und Pilzkulturen, die die Kr\u00fcmelstruktur des Bodens verbessern<\/li>\n<li>steuert Umsetzungsprozesse und beugt F\u00e4ulnis \/ Bodenoxidation vor und aktiviert mikrobielle Prozesse, setzt Mineralien pflanzenverf\u00fcgbar um und steigert die physikalischen Prozesse im Boden<\/li>\n<\/ul>\n<p style=\"text-align: justify;\"><strong>Weinbau<\/strong><\/p>\n<p style=\"text-align: justify;\">Der Einsatz von Kompost-Tee im kommerziellen Weinbau ist aus vielerlei Hinsicht interessant. Zum einen, da der Kompost-Tee \u00fcber die Wurzeln aufgenommen eine wuchsseitig viel vitalere Pflanze hervorbringt, zum anderen, da er mit Niederdruck gespritzt den Befall von Botrytis und Echtem Mehltau entgegenwirken kann. Somit der Rebpflanze ganzheitlich hilft, was am Ende zu einer verbesserten Traubenqualit\u00e4t f\u00fchrt.<\/p>\n","protected":false},"excerpt":{"rendered":"<p>Kompost-Tee beg\u00fcnstigt ein gesundes, artenreiches Erdreich, in Gartenbaubetrieben ein belebtes Substrat, welches sauerstoffreich und wasserdurchl\u00e4ssig ist. Nur eine solche Umgebung wird dauerhaft gesunde Pflanzen ern\u00e4hren k\u00f6nnen. Daher ist Kompost-Tee immer eine sehr gute Wahl . Auf die Bl\u00e4tter gespr\u00fcht bzw. gespritzt wirkt der Kompost-Tee wie ein Schutzmittel: Die enthaltenen Mikroorganismen [&hellip;]<\/p>\n","protected":false},"author":1,"featured_media":0,"parent":0,"menu_order":0,"comment_status":"closed","ping_status":"closed","template":"","meta":{"_themeisle_gutenberg_block_has_review":false,"footnotes":""},"jetpack_sharing_enabled":true,"_links":{"self":[{"href":"https:\/\/www.eco-bio-systems.de\/komposttee\/wp-json\/wp\/v2\/pages\/166"}],"collection":[{"href":"https:\/\/www.eco-bio-systems.de\/komposttee\/wp-json\/wp\/v2\/pages"}],"about":[{"href":"https:\/\/www.eco-bio-systems.de\/komposttee\/wp-json\/wp\/v2\/types\/page"}],"author":[{"embeddable":true,"href":"https:\/\/www.eco-bio-systems.de\/komposttee\/wp-json\/wp\/v2\/users\/1"}],"replies":[{"embeddable":true,"href":"https:\/\/www.eco-bio-systems.de\/komposttee\/wp-json\/wp\/v2\/comments?post=166"}],"version-history":[{"count":29,"href":"https:\/\/www.eco-bio-systems.de\/komposttee\/wp-json\/wp\/v2\/pages\/166\/revisions"}],"predecessor-version":[{"id":383,"href":"https:\/\/www.eco-bio-systems.de\/komposttee\/wp-json\/wp\/v2\/pages\/166\/revisions\/383"}],"wp:attachment":[{"href":"https:\/\/www.eco-bio-systems.de\/komposttee\/wp-json\/wp\/v2\/media?parent=166"}],"curies":[{"name":"wp","href":"https:\/\/api.w.org\/{rel}","templated":true}]}}