{"id":2,"date":"2019-02-15T15:48:56","date_gmt":"2019-02-15T14:48:56","guid":{"rendered":"https:\/\/www.eco-bio-systems.de\/komposttee\/?page_id=2"},"modified":"2020-11-09T09:21:05","modified_gmt":"2020-11-09T08:21:05","slug":"https-www-eco-bio-systems-de-komposttee","status":"publish","type":"page","link":"https:\/\/www.eco-bio-systems.de\/komposttee\/https-www-eco-bio-systems-de-komposttee\/","title":{"rendered":"Kompost-Tee hilft. Pflanzen ben\u00f6tigen unterschiedliche mikrobielle Bedingungen."},"content":{"rendered":"<p style=\"text-align: justify;\"><div id=\"metaslider-id-27\" style=\"max-width: 1400px;\" class=\"ml-slider-3-107-0 metaslider metaslider-flex metaslider-27 ml-slider has-dots-nav ms-theme-default\" role=\"region\" aria-label=\"Start Slideshow\" data-height=\"600\" data-width=\"1400\">\n    <div id=\"metaslider_container_27\">\n        <div id=\"metaslider_27\">\n            <ul class='slides'>\n                <li style=\"display: block; width: 100%;\" class=\"slide-28 ms-image \" aria-roledescription=\"slide\" data-date=\"2019-02-15 16:44:58\" data-filename=\"Wp2-1174x503.jpg\" data-slide-type=\"image\"><img fetchpriority=\"high\" decoding=\"async\" src=\"https:\/\/i0.wp.com\/www.eco-bio-systems.de\/komposttee\/wp-content\/uploads\/2019\/02\/Wp2.jpg?resize=750%2C321&#038;ssl=1\" height=\"321\" width=\"750\" alt=\"Bio Basilikum Rohware unter Assimilationsbelichtung\" class=\"slider-27 slide-28 msDefaultImage\" title=\"Bio Basilikum Rohware unter Assimilationsbelichtung\" data-recalc-dims=\"1\" \/><div class=\"caption-wrap\"><div class=\"caption\">Bio Basilikum Rohware unter Assimilationsbelichtung<\/div><\/div><\/li>\n                <li style=\"display: none; width: 100%;\" class=\"slide-115 ms-image \" aria-roledescription=\"slide\" data-date=\"2019-02-16 15:34:40\" data-filename=\"IMG_3542-Large-1400x600.jpg\" data-slide-type=\"image\"><img decoding=\"async\" src=\"https:\/\/i0.wp.com\/www.eco-bio-systems.de\/komposttee\/wp-content\/uploads\/2019\/02\/IMG_3542-Large.jpg?resize=750%2C321&#038;ssl=1\" height=\"321\" width=\"750\" alt=\"Kompost-Tee auf Feldkultur\" class=\"slider-27 slide-115 msDefaultImage\" title=\"Kompost-Tee auf Feldkultur\" data-recalc-dims=\"1\" \/><div class=\"caption-wrap\"><div class=\"caption\">Aufnahme Ende Januar, nachdem im vorhergegangenen Herbst Kompost-Tee auf der Agrarfl\u00e4che ausgebracht wurde.<\/div><\/div><\/li>\n                <li style=\"display: none; width: 100%;\" class=\"slide-29 ms-image \" aria-roledescription=\"slide\" data-date=\"2019-02-15 16:45:09\" data-filename=\"Wp6-1132x485.jpg\" data-slide-type=\"image\"><img decoding=\"async\" src=\"https:\/\/i0.wp.com\/www.eco-bio-systems.de\/komposttee\/wp-content\/uploads\/2019\/02\/Wp6.jpg?resize=750%2C321&#038;ssl=1\" height=\"321\" width=\"750\" alt=\"Bio Basilikum Halbfertigware, t\u00e4gliche Bew\u00e4sserung mit 1,8% Kompost-Tee\" class=\"slider-27 slide-29 msDefaultImage\" title=\"Bio Basilikum Halbfertigware, t\u00e4gliche Bew\u00e4sserung mit 1,8% Kompost-Tee\" data-recalc-dims=\"1\" \/><div class=\"caption-wrap\"><div class=\"caption\">Bio Basilikum Halbfertigware, t\u00e4gliche Bew\u00e4sserung mit 1,8% Kompost-Tee<\/div><\/div><\/li>\n                <li style=\"display: none; width: 100%;\" class=\"slide-30 ms-image \" aria-roledescription=\"slide\" data-date=\"2019-02-15 16:45:15\" data-filename=\"Wp7-1123x481.jpg\" data-slide-type=\"image\"><img loading=\"lazy\" decoding=\"async\" src=\"https:\/\/i0.wp.com\/www.eco-bio-systems.de\/komposttee\/wp-content\/uploads\/2019\/02\/Wp7.jpg?resize=750%2C321&#038;ssl=1\" height=\"321\" width=\"750\" alt=\"Bio Basilikum Fertigware, t\u00e4gliche Bew\u00e4sserung mit 1,8% Kompost-Tee\" class=\"slider-27 slide-30 msDefaultImage\" title=\"Bio Basilikum Fertigware, t\u00e4gliche Bew\u00e4sserung mit 1,8% Kompost-Tee\" data-recalc-dims=\"1\" \/><div class=\"caption-wrap\"><div class=\"caption\">Bio Basilikum Fertigware, t\u00e4gliche Bew\u00e4sserung mit 1,8% Kompost-Tee<\/div><\/div><\/li>\n            <\/ul>\n        <\/div>\n        \n    <\/div>\n<\/div><\/p>\n<p style=\"text-align: justify;\"><strong>Kompost-Tee<\/strong> ist ein selbst hergestellter, konzentrierter Auszug, welcher dem Boden die lebenden Mikroorganismen wieder zuf\u00fchrt. Somit ist eine langfristige Stabilisierung und Verbesserung des Bodens m\u00f6glich!<br \/>Die Kulturpflanzen wachsen besser, sind ges\u00fcnder und kr\u00e4ftiger \u2013 es kann mittelfristig D\u00fcnger eingespart werden!<\/p>\n<p><strong>Kompost-Tee<\/strong> ist in vielf\u00e4ltigen Anwendungsgebieten einsetzbar:<\/p>\n<ul>\n<li>Landwirtschaft<\/li>\n<li>Gem\u00fcsebau (Feldgem\u00fcsebau)<\/li>\n<li>Gem\u00fcsebau (Gew\u00e4chshausgem\u00fcsebau)<\/li>\n<li>Gem\u00fcsebau (Jungpflanzenproduktion)<\/li>\n<li>Gartenbau (Topfkr\u00e4uteranbau)<\/li>\n<li>Gartenbau (Zierpflanzenproduktion)<\/li>\n<li>Gartenbau (Jungpflanzenproduktion)<\/li>\n<li>Baumschulen<\/li>\n<li>Golfpl\u00e4tzen<\/li>\n<li>\u00d6ffentlichem Gr\u00fcn<\/li>\n<\/ul>\n<p style=\"text-align: justify;\">","protected":false},"excerpt":{"rendered":"","protected":false},"author":1,"featured_media":0,"parent":0,"menu_order":0,"comment_status":"closed","ping_status":"closed","template":"","meta":{"_themeisle_gutenberg_block_has_review":false,"footnotes":""},"jetpack_sharing_enabled":true,"_links":{"self":[{"href":"https:\/\/www.eco-bio-systems.de\/komposttee\/wp-json\/wp\/v2\/pages\/2"}],"collection":[{"href":"https:\/\/www.eco-bio-systems.de\/komposttee\/wp-json\/wp\/v2\/pages"}],"about":[{"href":"https:\/\/www.eco-bio-systems.de\/komposttee\/wp-json\/wp\/v2\/types\/page"}],"author":[{"embeddable":true,"href":"https:\/\/www.eco-bio-systems.de\/komposttee\/wp-json\/wp\/v2\/users\/1"}],"replies":[{"embeddable":true,"href":"https:\/\/www.eco-bio-systems.de\/komposttee\/wp-json\/wp\/v2\/comments?post=2"}],"version-history":[{"count":5,"href":"https:\/\/www.eco-bio-systems.de\/komposttee\/wp-json\/wp\/v2\/pages\/2\/revisions"}],"predecessor-version":[{"id":399,"href":"https:\/\/www.eco-bio-systems.de\/komposttee\/wp-json\/wp\/v2\/pages\/2\/revisions\/399"}],"wp:attachment":[{"href":"https:\/\/www.eco-bio-systems.de\/komposttee\/wp-json\/wp\/v2\/media?parent=2"}],"curies":[{"name":"wp","href":"https:\/\/api.w.org\/{rel}","templated":true}]}}