{"id":237,"date":"2019-03-07T17:13:27","date_gmt":"2019-03-07T16:13:27","guid":{"rendered":"https:\/\/www.eco-bio-systems.de\/komposttee\/?page_id=237"},"modified":"2020-02-15T15:28:06","modified_gmt":"2020-02-15T14:28:06","slug":"rezept-zur-erstellung-von-kompost-tee","status":"publish","type":"page","link":"https:\/\/www.eco-bio-systems.de\/komposttee\/rezept-zur-erstellung-von-kompost-tee\/","title":{"rendered":"Rezept &#8211; Anwendung im Biotopfkr\u00e4uteranbau"},"content":{"rendered":"\t\t<div data-elementor-type=\"wp-post\" data-elementor-id=\"237\" class=\"elementor elementor-237 elementor-bc-flex-widget\">\n\t\t\t\t\t\t<section class=\"elementor-section elementor-top-section elementor-element elementor-element-3c7e090 elementor-section-boxed elementor-section-height-default elementor-section-height-default\" data-id=\"3c7e090\" data-element_type=\"section\">\n\t\t\t\t\t\t<div class=\"elementor-container elementor-column-gap-default\">\n\t\t\t\t\t<div class=\"elementor-column elementor-col-100 elementor-top-column elementor-element elementor-element-4e35903\" data-id=\"4e35903\" data-element_type=\"column\">\n\t\t\t<div class=\"elementor-widget-wrap elementor-element-populated\">\n\t\t\t\t\t\t<div class=\"elementor-element elementor-element-8c3826d elementor-widget elementor-widget-image\" data-id=\"8c3826d\" data-element_type=\"widget\" data-widget_type=\"image.default\">\n\t\t\t\t<div class=\"elementor-widget-container\">\n\t\t\t\t\t\t\t\t\t\t\t\t\t\t\t<img fetchpriority=\"high\" decoding=\"async\" width=\"750\" height=\"443\" src=\"https:\/\/i0.wp.com\/www.eco-bio-systems.de\/komposttee\/wp-content\/uploads\/2019\/02\/Wp3.jpg?fit=750%2C443&amp;ssl=1\" class=\"attachment-large size-large wp-image-10\" alt=\"\" srcset=\"https:\/\/i0.wp.com\/www.eco-bio-systems.de\/komposttee\/wp-content\/uploads\/2019\/02\/Wp3.jpg?w=1177&amp;ssl=1 1177w, https:\/\/i0.wp.com\/www.eco-bio-systems.de\/komposttee\/wp-content\/uploads\/2019\/02\/Wp3.jpg?resize=300%2C177&amp;ssl=1 300w, https:\/\/i0.wp.com\/www.eco-bio-systems.de\/komposttee\/wp-content\/uploads\/2019\/02\/Wp3.jpg?resize=768%2C453&amp;ssl=1 768w, https:\/\/i0.wp.com\/www.eco-bio-systems.de\/komposttee\/wp-content\/uploads\/2019\/02\/Wp3.jpg?resize=1024%2C605&amp;ssl=1 1024w\" sizes=\"(max-width: 750px) 100vw, 750px\" \/>\t\t\t\t\t\t\t\t\t\t\t\t\t\t\t<\/div>\n\t\t\t\t<\/div>\n\t\t\t\t<div class=\"elementor-element elementor-element-cd28157 elementor-widget elementor-widget-text-editor\" data-id=\"cd28157\" data-element_type=\"widget\" data-widget_type=\"text-editor.default\">\n\t\t\t\t<div class=\"elementor-widget-container\">\n\t\t\t\t\t\t\t\t\t<p><strong>Rezept, welches im Biotopfkr\u00e4uteranbau Verwendung findet:<\/strong><\/p><p><a href=\"https:\/\/www.eco-bio-systems.de\/komposttee\/details-zum-braugeraet\/\">Mischung f\u00fcr den EBS 1000:<\/a><\/p><ul><li>1.000 Liter Regenwasser oder chlorfreies Wasser<\/li><li>12 Liter BioHum Regenwurmhumus vermischt mit 500 Gramm Haferflocken (zwei Tage vorher im Eimer mischen und angefeuchtet, dunkel stehen lassen)<\/li><li>2 Liter Optifer Fe++ Eisend\u00fcnger<\/li><li>1 Liter Vitanal Professional Wachstumsstarter<\/li><li>2,5 Liter Fylloton\u00a0<\/li><li>1 kg BioAktiv f\u00fcr Pflanze\u00a0(Pflanzenst\u00e4rkungsmittel als Katalysator und Stabilisator)<\/li><li>20 Liter Phytogreen N-K 7-4<\/li><\/ul><div>Diese Rezeptur wird im Biotopfkr\u00e4uteranbau von Anfang Oktober bis Ende M\u00e4rz eingesetzt<\/div><p><\/p><p>Der Kompost-Tee wird mit einem Dosatron in die Bew\u00e4sserungsleitung injektiert. Die im Kompost-Tee gel\u00f6sten Mikroorganismen schl\u00fcsseln die im Substrat vorhanden organischen D\u00fcnger auf und machen diese der Kulturpflanze verf\u00fcgbar. Der Eisend\u00fcnger wird von den Wurzeln aufgenommen und hilft der Kulturpflanze in der lichtarmen Zeit ein aktiveres Chlorophyll zu bilden. Mit Phylloton werden der Kulturpflanzen z\u00fcgig Aminos\u00e4uren verabreicht, die minimale Menge Phytogreen dient den Mirkoorganismen als Nahrung. BioAktiv f\u00fcr Pflanzen hat sich als sehr guter Katalysator erwiesen. Mit Vitanal Professional Wachstumsstarter wird zum einen die Wurzelbildung angeregt und eine schnellere und vermehrte Bewurzelung tritt ein. Zum anderen werden gesch\u00e4digte Wurzeln regeneriert und alte Wurzeln neu belebt.<\/p><p><\/p>\t\t\t\t\t\t\t\t<\/div>\n\t\t\t\t<\/div>\n\t\t\t\t\t<\/div>\n\t\t<\/div>\n\t\t\t\t\t<\/div>\n\t\t<\/section>\n\t\t\t\t<\/div>\n\t\t","protected":false},"excerpt":{"rendered":"<p>Rezept, welches im Biotopfkr\u00e4uteranbau Verwendung findet: Mischung f\u00fcr den EBS 1000: 1.000 Liter Regenwasser oder chlorfreies Wasser 12 Liter BioHum Regenwurmhumus vermischt mit 500 Gramm Haferflocken (zwei Tage vorher im Eimer mischen und angefeuchtet, dunkel stehen lassen) 2 Liter Optifer Fe++ Eisend\u00fcnger 1 Liter Vitanal Professional Wachstumsstarter 2,5 Liter Fylloton [&hellip;]<\/p>\n","protected":false},"author":1,"featured_media":10,"parent":0,"menu_order":0,"comment_status":"closed","ping_status":"closed","template":"page-templates\/template-pagebuilder-full-width.php","meta":{"_themeisle_gutenberg_block_has_review":false,"footnotes":""},"jetpack_sharing_enabled":true,"_links":{"self":[{"href":"https:\/\/www.eco-bio-systems.de\/komposttee\/wp-json\/wp\/v2\/pages\/237"}],"collection":[{"href":"https:\/\/www.eco-bio-systems.de\/komposttee\/wp-json\/wp\/v2\/pages"}],"about":[{"href":"https:\/\/www.eco-bio-systems.de\/komposttee\/wp-json\/wp\/v2\/types\/page"}],"author":[{"embeddable":true,"href":"https:\/\/www.eco-bio-systems.de\/komposttee\/wp-json\/wp\/v2\/users\/1"}],"replies":[{"embeddable":true,"href":"https:\/\/www.eco-bio-systems.de\/komposttee\/wp-json\/wp\/v2\/comments?post=237"}],"version-history":[{"count":12,"href":"https:\/\/www.eco-bio-systems.de\/komposttee\/wp-json\/wp\/v2\/pages\/237\/revisions"}],"predecessor-version":[{"id":262,"href":"https:\/\/www.eco-bio-systems.de\/komposttee\/wp-json\/wp\/v2\/pages\/237\/revisions\/262"}],"wp:featuredmedia":[{"embeddable":true,"href":"https:\/\/www.eco-bio-systems.de\/komposttee\/wp-json\/wp\/v2\/media\/10"}],"wp:attachment":[{"href":"https:\/\/www.eco-bio-systems.de\/komposttee\/wp-json\/wp\/v2\/media?parent=237"}],"curies":[{"name":"wp","href":"https:\/\/api.w.org\/{rel}","templated":true}]}}