{"id":56,"date":"2019-02-15T17:28:38","date_gmt":"2019-02-15T16:28:38","guid":{"rendered":"https:\/\/www.eco-bio-systems.de\/komposttee\/?page_id=56"},"modified":"2019-02-16T15:42:46","modified_gmt":"2019-02-16T14:42:46","slug":"impressum","status":"publish","type":"page","link":"https:\/\/www.eco-bio-systems.de\/komposttee\/impressum\/","title":{"rendered":"Impressum"},"content":{"rendered":"\t\t<div data-elementor-type=\"wp-post\" data-elementor-id=\"56\" class=\"elementor elementor-56 elementor-bc-flex-widget\">\n\t\t\t\t<section class=\"elementor-section elementor-top-section elementor-element elementor-element-347c8b72 elementor-section-boxed elementor-section-height-default elementor-section-height-default\" data-id=\"347c8b72\" data-element_type=\"section\">\n\t\t\t\t\t\t<div class=\"elementor-container elementor-column-gap-default\">\n\t\t\t\t\t<div class=\"elementor-column elementor-col-100 elementor-top-column elementor-element elementor-element-79551734\" data-id=\"79551734\" data-element_type=\"column\">\n\t\t\t<div class=\"elementor-widget-wrap elementor-element-populated\">\n\t\t\t\t\t\t<div class=\"elementor-element elementor-element-69a8ede7 elementor-widget elementor-widget-text-editor\" data-id=\"69a8ede7\" data-element_type=\"widget\" data-widget_type=\"text-editor.default\">\n\t\t\t\t<div class=\"elementor-widget-container\">\n\t\t\t\t\t\t\t\t\t<p><\/p>\n<p>Gesetzliche Anbieterkennung:<\/p>\n<p>Lars Gather<br \/>&#8230;nat\u00fcrlich pflanzlich! Inh. Lars Gather <br \/>Anrather Str. 19<br \/>47918 T\u00f6nisvorst<br \/>Deutschland<br \/>Telefon: 02156 9749020<br \/>Telefax: 02156 9749021<br \/>E-Mail: info@eco-bio-systems.de<br \/>USt-IdNr.: DE219410023<\/p>\n<p>Alternative Streitbeilegung:<br \/>Die Europ\u00e4ische Kommission stellt eine Plattform f\u00fcr die au\u00dfergerichtliche Online-Streitbeilegung (OS-Plattform) bereit, aufrufbar unter <a href=\"https:\/\/ec.europa.eu\/odr\" target=\"_blank\" rel=\"noopener\">https:\/\/ec.europa.eu\/odr<\/a> (https:\/\/ec.europa.eu\/odr).<\/p>\n<p>Wir sind seit 22.10.2015 Mitglied der Initiative &#8222;FairCommerce&#8220;.<br \/>N\u00e4here Informationen hierzu finden Sie unter\u00a0<a href=\"http:\/\/www.fair-commerce.de\" target=\"_blank\" rel=\"noopener\">www.fair-commerce.de<\/a>.<\/p>\n<p><\/p>\t\t\t\t\t\t\t\t<\/div>\n\t\t\t\t<\/div>\n\t\t\t\t\t<\/div>\n\t\t<\/div>\n\t\t\t\t\t<\/div>\n\t\t<\/section>\t\t<\/div>\n\t\t","protected":false},"excerpt":{"rendered":"<p>Gesetzliche Anbieterkennung: Lars Gather&#8230;nat\u00fcrlich pflanzlich! Inh. Lars Gather Anrather Str. 1947918 T\u00f6nisvorstDeutschlandTelefon: 02156 9749020Telefax: 02156 9749021E-Mail: info@eco-bio-systems.deUSt-IdNr.: DE219410023 Alternative Streitbeilegung:Die Europ\u00e4ische Kommission stellt eine Plattform f\u00fcr die au\u00dfergerichtliche Online-Streitbeilegung (OS-Plattform) bereit, aufrufbar unter https:\/\/ec.europa.eu\/odr (https:\/\/ec.europa.eu\/odr). Wir sind seit 22.10.2015 Mitglied der Initiative &#8222;FairCommerce&#8220;.N\u00e4here Informationen hierzu finden Sie unter\u00a0www.fair-commerce.de.<\/p>\n","protected":false},"author":1,"featured_media":0,"parent":0,"menu_order":0,"comment_status":"closed","ping_status":"closed","template":"","meta":{"_themeisle_gutenberg_block_has_review":false,"footnotes":""},"jetpack_sharing_enabled":true,"_links":{"self":[{"href":"https:\/\/www.eco-bio-systems.de\/komposttee\/wp-json\/wp\/v2\/pages\/56"}],"collection":[{"href":"https:\/\/www.eco-bio-systems.de\/komposttee\/wp-json\/wp\/v2\/pages"}],"about":[{"href":"https:\/\/www.eco-bio-systems.de\/komposttee\/wp-json\/wp\/v2\/types\/page"}],"author":[{"embeddable":true,"href":"https:\/\/www.eco-bio-systems.de\/komposttee\/wp-json\/wp\/v2\/users\/1"}],"replies":[{"embeddable":true,"href":"https:\/\/www.eco-bio-systems.de\/komposttee\/wp-json\/wp\/v2\/comments?post=56"}],"version-history":[{"count":7,"href":"https:\/\/www.eco-bio-systems.de\/komposttee\/wp-json\/wp\/v2\/pages\/56\/revisions"}],"predecessor-version":[{"id":118,"href":"https:\/\/www.eco-bio-systems.de\/komposttee\/wp-json\/wp\/v2\/pages\/56\/revisions\/118"}],"wp:attachment":[{"href":"https:\/\/www.eco-bio-systems.de\/komposttee\/wp-json\/wp\/v2\/media?parent=56"}],"curies":[{"name":"wp","href":"https:\/\/api.w.org\/{rel}","templated":true}]}}