{"id":486,"date":"2021-10-08T18:42:02","date_gmt":"2021-10-08T16:42:02","guid":{"rendered":"https:\/\/www.eco-bio-systems.de\/komposttee\/?post_type=product&#038;p=486"},"modified":"2021-10-08T18:48:33","modified_gmt":"2021-10-08T16:48:33","slug":"ebs-600-braugeraet-zur-erstellung-von-kompost-tee","status":"publish","type":"product","link":"https:\/\/www.eco-bio-systems.de\/komposttee\/produkt\/ebs-600-braugeraet-zur-erstellung-von-kompost-tee\/","title":{"rendered":"EBS 600 &#8211; Brauger\u00e4t zur Erstellung von Kompost-Tee"},"content":{"rendered":"<p style=\"text-align: justify;\">Auf Grund der starken Nachfrage ca. 2 Wochen Lieferzeit!<\/p>\n<p>EBS 600 verf\u00fcgt \u00fcber:<\/p>\n<p>&#8211; 600 Liter Fassungsverm\u00f6gen<br \/>\n&#8211; 4 Steigrohre mit \u00dcberlauf zur optimalen Zirkulation<br \/>\n&#8211; 1 Kompressor, welcher 6.600 Liter Luft pro Stunde hineinpumpen<\/p>\n<p style=\"text-align: justify;\">Jeder G\u00e4rtner kennt die Vorz\u00fcge von gutem, ausgereiftem Kompost, der zur Erhaltung der Mikroorganismen im Boden beitr\u00e4gt. Bakterien und Mykorrhiza-Pilze gehen eine Symbiose mit den Feinwurzeln der Kulturpflanzen ein, welche dadurch leichter Wasser und N\u00e4hrstoffe aufnehmen k\u00f6nnen.<br \/>\nOhne ausreichenden Humus verliert der Boden seine Kr\u00fcmelstabilit\u00e4t, was zu einer geringeren Durchl\u00fcftung mit Wasser und Sauerstoff, sowie unzureichender N\u00e4hrstoffversorgung der Kulturpflanzen f\u00fchrt.<br \/>\nVerst\u00e4rkt treten Krankheiten und Sch\u00e4dlinge auf &#8211; die Ertr\u00e4ge sinken! Ohne den durch die Lebensverbauung der Mikroorganismen entstandenen Humus werden die feinen, n\u00e4hrstoffreichen Bodenteilchen verweht oder weggeschwemmt. Die Fruchtbarkeit des Boden nimmt ab und geht folglich verloren.<\/p>\n<p style=\"text-align: justify;\">Kompost-Tee ist ein selbsthergestellter, konzentrierter Auszug, welcher dem Boden die lebenden Mikroorganismen wieder zuf\u00fchrt. Somit ist eine langfristige Stabilisierung und Verbesserung des Bodens m\u00f6glich. Die Kulturpflanzen wachsen besser, sind ges\u00fcnder, kr\u00e4ftiger, Gem\u00fcse und Fr\u00fcchte werden schmackhafter &#8211; und es kann D\u00fcnger eingespart werden!<\/p>\n<p>&nbsp;<\/p>\n<p><strong>Ausbringung:<\/strong><br \/>\n&#8211; 1:10 \u00fcber die Pflanzenschutzspritze (Zum Bef\u00fcllen ein Sieb verwenden)<br \/>\n&#8211; 1,5 &#8211; 2,0%ig in die Bew\u00e4sserungsleitung injektiert (z. B. Dosatron), Filter an der Ansaugleitung anbringen<\/p>\n","protected":false},"excerpt":{"rendered":"<p>EBS 600 verf\u00fcgt \u00fcber:<\/p>\n<p>&#8211; 600 Liter Fassungsverm\u00f6gen<br \/>\n&#8211; 4 Steigrohre mit \u00dcberlauf zur optimalen Zirkulation<br \/>\n&#8211; 1 Kompressor, welcher 6.600 Liter Luft pro Stunde hineinpumpen<br \/>\n&#8211; stabile Unterkontruktion f\u00fcr den innerbetrieblichen Transport und Langlebigkeit<\/p>\n","protected":false},"featured_media":403,"comment_status":"open","ping_status":"closed","template":"","meta":{"_themeisle_gutenberg_block_has_review":false},"product_cat":[46],"product_tag":[43,45,42,41,44],"jetpack_sharing_enabled":true,"_links":{"self":[{"href":"https:\/\/www.eco-bio-systems.de\/komposttee\/wp-json\/wp\/v2\/product\/486"}],"collection":[{"href":"https:\/\/www.eco-bio-systems.de\/komposttee\/wp-json\/wp\/v2\/product"}],"about":[{"href":"https:\/\/www.eco-bio-systems.de\/komposttee\/wp-json\/wp\/v2\/types\/product"}],"replies":[{"embeddable":true,"href":"https:\/\/www.eco-bio-systems.de\/komposttee\/wp-json\/wp\/v2\/comments?post=486"}],"wp:featuredmedia":[{"embeddable":true,"href":"https:\/\/www.eco-bio-systems.de\/komposttee\/wp-json\/wp\/v2\/media\/403"}],"wp:attachment":[{"href":"https:\/\/www.eco-bio-systems.de\/komposttee\/wp-json\/wp\/v2\/media?parent=486"}],"wp:term":[{"taxonomy":"product_cat","embeddable":true,"href":"https:\/\/www.eco-bio-systems.de\/komposttee\/wp-json\/wp\/v2\/product_cat?post=486"},{"taxonomy":"product_tag","embeddable":true,"href":"https:\/\/www.eco-bio-systems.de\/komposttee\/wp-json\/wp\/v2\/product_tag?post=486"}],"curies":[{"name":"wp","href":"https:\/\/api.w.org\/{rel}","templated":true}]}}