{"id":557,"date":"2022-01-05T17:51:23","date_gmt":"2022-01-05T16:51:23","guid":{"rendered":"https:\/\/www.eco-bio-systems.de\/komposttee\/?post_type=product&#038;p=557"},"modified":"2023-02-24T09:41:34","modified_gmt":"2023-02-24T08:41:34","slug":"bioaktiv_fuer_pflanzen","status":"publish","type":"product","link":"https:\/\/www.eco-bio-systems.de\/komposttee\/produkt\/bioaktiv_fuer_pflanzen\/","title":{"rendered":"1kg BioAktiv f\u00fcr Pflanzen (24,99 Euro \/ kg)"},"content":{"rendered":"<p style=\"text-align: justify;\">Die Ursachen von Sch\u00e4den an Pflanzen und Kulturen sind oft schwierig festzustellen und manchmal sind zeit- und kostenaufwendige Untersuchungen notwendig.<\/p>\n<p style=\"text-align: justify;\">Ob Wachstumsst\u00f6rungen, N\u00e4hrstoffmangel, ung\u00fcnstige Witterung, Wurzel- und Blattsch\u00e4den zu beheben sind, weil es der Boden nicht schafft, oder die Pflanzen bei hohen Ertragslagen \u00fcberfordert sind, da heilt, saniert und stimuliert BioAktiv f\u00fcr Pflanzen. Aufgrund seiner Zusammensetzung und Vertr\u00e4glichkeit kann BioAktiv bei allen Kulturen eingesetzt werden. &#8211; Eine L\u00f6sung f\u00fcr alle Probleme.<\/p>\n<p style=\"text-align: justify;\">Wirkung<br \/>\nDie n\u00fctzlichen Bodenbakterien nehmen zu, der Boden ist aufgrund der aeroben Bakterient\u00e4tigkeit deutlich w\u00e4rmer, saugf\u00e4hig und lockerer.<br \/>\nDie Humusbildung wird enorm gesteigert. Bei Nutzpflanzen bewirkt dies ein st\u00e4rkeres Wurzelwachstum, schnellere Reifung und zum Teil ganz erhebliche Mehrertr\u00e4ge bis zu 20%. Im Kartoffelanbau wurden bis zu 2,2 t Mehrertrag pro Hektar festgestellt. Im pfluglosen Anbau verrotten Ernter\u00fcckst\u00e4nde schneller und besser, der Pilzbefall (Fusarien) geht deutlich zur\u00fcck.<\/p>\n<p style=\"text-align: justify;\">Versuche \u00fcber die Wirksamkeit von BioAktiv f\u00fcr Pflanzen wurden unter anderem in den Jahren 1998 bis 2000 an der TU Dresden sowie in der Landesanstalt f\u00fcr Landwirtschaft und Gartenbau Bernburg in Sachsen-Anhalt durchgef\u00fchrt.<\/p>\n<p style=\"text-align: justify;\">Vitalit\u00e4t und Energie<br \/>\nHat die Pflanze Probleme, so reduziert sich das Wachstum um \u00fcberleben zu k\u00f6nnen. Assimilation und Energiebildung werden eingeschr\u00e4nkt. BioAktiv hilft der Pflanze durch Anregung der Assimilation besonders \u00fcber Stickstoff und Magnesium wieder Kraft und Vitalit\u00e4t zu tanken.<\/p>\n<p style=\"text-align: justify;\">N\u00e4hrstoffgleichgewicht<br \/>\nProbleme in der Pflanzenern\u00e4hrung sind h\u00e4ufig auf ein gest\u00f6rtes N\u00e4hrstoffgleichgewicht zur\u00fcck zu f\u00fchren. Durch BioAktiv f\u00fcr Pflanzen werden \u00dcberschuss und Mangel in einem gewissen Rahmen ausgeglichen.<\/p>\n<p style=\"text-align: justify;\">N\u00e4hrstoffaufnahme<br \/>\nN\u00e4hrstoffe k\u00f6nnen nur wirken, wenn sie auch aufgenommen werden und das Blatt und die Wurzel nicht sch\u00e4digen. Das BioAktiv-Konzept ist einfach, aber wirksam. BioAktiv f\u00fcr Pflanzen setzt neue Ma\u00dfst\u00e4be in der Pflanzenvertr\u00e4glichkeit.<\/p>\n<p style=\"text-align: justify;\">Anwendung<br \/>\nBioAktiv f\u00fcr Pflanzen ist ein ungiftiges, wasserl\u00f6sliches Salz (Magnesiumsulfat). Es wirkt rein biologisch. Das Mittel wird in Wasser gel\u00f6st als Spritzmittel in Tankmischung mit Fungizid oder Herbizid ohne gesonderten Arbeitsgang oder separat auf das Feld gegeben.<\/p>\n<p style=\"text-align: justify;\"><strong>Seit dem 04.09.2001 ist BioAktiv f\u00fcr Pflanzen von der Kontrollstelle f\u00fcr \u00f6kologischen Landbau GmbH zertifiziert und kann im \u00f6kologischen Landbau eingesetzt werden.<\/strong><\/p>\n<p style=\"text-align: justify;\">Einsatzmenge<br \/>\n1000 g \/ ha als Vor- oder Nachauflaufspritzung<\/p>\n<p style=\"text-align: justify;\">Zusammensetzung<br \/>\nMagnesiumsulfat mit Sauerstoffaktivierung, zugelassen als Pflanzenst\u00e4rkungsmittel (Kenn-Nr.: 5469-00)<\/p>\n<p style=\"text-align: justify;\">16 % wasserl. Magnesiumoxid<br \/>\n13 % wasserl. Schwefel<\/p>\n","protected":false},"excerpt":{"rendered":"<p>Die Ursachen von Sch\u00e4den an Pflanzen und Kulturen sind oft schwierig festzustellen und manchmal sind zeit- und kostenaufwendige Untersuchungen notwendig. Ob Wachstumsst\u00f6rungen, N\u00e4hrstoffmangel, ung\u00fcnstige Witterung, Wurzel- und Blattsch\u00e4den zu beheben sind, weil es der Boden nicht schafft, oder die Pflanzen bei hohen Ertragslagen \u00fcberfordert sind, da heilt, saniert und stimuliert [&hellip;]<\/p>\n","protected":false},"featured_media":558,"comment_status":"open","ping_status":"closed","template":"","meta":{"_themeisle_gutenberg_block_has_review":false},"product_cat":[49],"product_tag":[43,45,42,41,44],"jetpack_sharing_enabled":true,"_links":{"self":[{"href":"https:\/\/www.eco-bio-systems.de\/komposttee\/wp-json\/wp\/v2\/product\/557"}],"collection":[{"href":"https:\/\/www.eco-bio-systems.de\/komposttee\/wp-json\/wp\/v2\/product"}],"about":[{"href":"https:\/\/www.eco-bio-systems.de\/komposttee\/wp-json\/wp\/v2\/types\/product"}],"replies":[{"embeddable":true,"href":"https:\/\/www.eco-bio-systems.de\/komposttee\/wp-json\/wp\/v2\/comments?post=557"}],"wp:featuredmedia":[{"embeddable":true,"href":"https:\/\/www.eco-bio-systems.de\/komposttee\/wp-json\/wp\/v2\/media\/558"}],"wp:attachment":[{"href":"https:\/\/www.eco-bio-systems.de\/komposttee\/wp-json\/wp\/v2\/media?parent=557"}],"wp:term":[{"taxonomy":"product_cat","embeddable":true,"href":"https:\/\/www.eco-bio-systems.de\/komposttee\/wp-json\/wp\/v2\/product_cat?post=557"},{"taxonomy":"product_tag","embeddable":true,"href":"https:\/\/www.eco-bio-systems.de\/komposttee\/wp-json\/wp\/v2\/product_tag?post=557"}],"curies":[{"name":"wp","href":"https:\/\/api.w.org\/{rel}","templated":true}]}}