{"id":563,"date":"2022-01-05T18:30:51","date_gmt":"2022-01-05T17:30:51","guid":{"rendered":"https:\/\/www.eco-bio-systems.de\/komposttee\/?post_type=product&#038;p=563"},"modified":"2023-02-21T14:26:20","modified_gmt":"2023-02-21T13:26:20","slug":"drainagestrumpf","status":"publish","type":"product","link":"https:\/\/www.eco-bio-systems.de\/komposttee\/produkt\/drainagestrumpf\/","title":{"rendered":"Drainagestrumpf zur Kompost-Tee Zubereitung"},"content":{"rendered":"<p style=\"text-align: justify;\">Drainagestrumpf, 10m L\u00e4nge, welcher auf Rolle geliefert wird.<\/p>\n<p style=\"text-align: justify;\">Handhabung:<\/p>\n<p style=\"text-align: justify;\">ca. 70cm des Drainagestrumpfes von der Rolle schneiden, diesen unten zuknoten. Feste Zuschlagsstoffe zur Kompost-Tee Zubereitung, in den Strumpf geben und diesen in die mittlere \u00d6ffnung des EBS &#8211; Brauger\u00e4t zur Erstellung von Kompost-Tee h\u00e4ngen.<\/p>\n<p style=\"text-align: justify;\">W\u00e4hrend des Brauprozesses wird der Inhalt des Drainagestrumpfes vom Wassergemisch umsp\u00fclt, so das die im Drainagestrumpf befindlichen Zuschlagsstoffe ausgesp\u00fclt und ins Wassergemisch abgegeben werden k\u00f6nnen.<\/p>\n","protected":false},"excerpt":{"rendered":"<p>Drainagestrumpf, 10m L\u00e4nge, welcher auf Rolle geliefert wird. Handhabung: ca. 70cm des Drainagestrumpfes von der Rolle schneiden, diesen unten zuknoten. Feste Zuschlagsstoffe zur Kompost-Tee Zubereitung, in den Strumpf geben und diesen in die mittlere \u00d6ffnung des EBS &#8211; Brauger\u00e4t zur Erstellung von Kompost-Tee h\u00e4ngen. W\u00e4hrend des Brauprozesses wird der Inhalt [&hellip;]<\/p>\n","protected":false},"featured_media":564,"comment_status":"open","ping_status":"closed","template":"","meta":{"_themeisle_gutenberg_block_has_review":false},"product_cat":[49],"product_tag":[43,45,42,41,44],"jetpack_sharing_enabled":true,"_links":{"self":[{"href":"https:\/\/www.eco-bio-systems.de\/komposttee\/wp-json\/wp\/v2\/product\/563"}],"collection":[{"href":"https:\/\/www.eco-bio-systems.de\/komposttee\/wp-json\/wp\/v2\/product"}],"about":[{"href":"https:\/\/www.eco-bio-systems.de\/komposttee\/wp-json\/wp\/v2\/types\/product"}],"replies":[{"embeddable":true,"href":"https:\/\/www.eco-bio-systems.de\/komposttee\/wp-json\/wp\/v2\/comments?post=563"}],"wp:featuredmedia":[{"embeddable":true,"href":"https:\/\/www.eco-bio-systems.de\/komposttee\/wp-json\/wp\/v2\/media\/564"}],"wp:attachment":[{"href":"https:\/\/www.eco-bio-systems.de\/komposttee\/wp-json\/wp\/v2\/media?parent=563"}],"wp:term":[{"taxonomy":"product_cat","embeddable":true,"href":"https:\/\/www.eco-bio-systems.de\/komposttee\/wp-json\/wp\/v2\/product_cat?post=563"},{"taxonomy":"product_tag","embeddable":true,"href":"https:\/\/www.eco-bio-systems.de\/komposttee\/wp-json\/wp\/v2\/product_tag?post=563"}],"curies":[{"name":"wp","href":"https:\/\/api.w.org\/{rel}","templated":true}]}}