{"id":565,"date":"2022-01-05T21:16:03","date_gmt":"2022-01-05T20:16:03","guid":{"rendered":"https:\/\/www.eco-bio-systems.de\/komposttee\/?post_type=product&#038;p=565"},"modified":"2022-01-05T21:42:12","modified_gmt":"2022-01-05T20:42:12","slug":"lithovit","status":"publish","type":"product","link":"https:\/\/www.eco-bio-systems.de\/komposttee\/produkt\/lithovit\/","title":{"rendered":"1kg Lithovit (16,99 Euro \/ 1kg)"},"content":{"rendered":"<div style=\"text-align: justify;\">Feinstvermahlener (&lt;10 \u00b5m), nat\u00fcrlicher Kalkstein mit essentiellen Spurenn\u00e4hrstoffen<\/div>\n<div style=\"text-align: justify;\"><\/div>\n<div style=\"text-align: justify;\">Kalkstein wird in einer speziellen Mikrom\u00fchle feinst vermahlen. Dabei zertr\u00fcmmern sich die D\u00fcngepartikel gegenseitig mit bis zu \u00dcberschallgeschwindigkeit. Die hierbei auftretenden Kollisionsenergien brechen die Kristallgitter auf und erzeugen eine gravierende Oberfl\u00e4chenver\u00e4nderung, welche verantwortlich ist f\u00fcr die besonderen &#8222;Lithovit- Effekte&#8220;.<\/div>\n<div><\/div>\n<div style=\"text-align: justify;\">Lithovit ist zertifiziert f\u00fcr den \u00f6kologischen Landbau nach dem Standard der G\u00fctegemeinschaft Betriebsmittel (betriebsmittelliste.de) durch FiBL. Fast alle Produktvarianten sind geeignet f\u00fcr den konventionellen und \u00f6kologischen Landbau gem\u00e4\u00df Verordnung (EG) Nr. 834\/2007 \u2013 European Community.<\/div>\n<div style=\"text-align: justify;\"><\/div>\n<div style=\"text-align: justify;\">Anwendung:<\/div>\n<div style=\"text-align: justify;\">Lithovit kann ein- oder mehrfach (max. alle 10 &#8211; 15 Tage) gesondert oder zusammen mit einer Pflanzenschutzma\u00dfnahme ausgebracht werden.<\/div>\n<div><\/div>\n<div>1,5 &#8211; 2 kg\/ha als 0,5 %ige L\u00f6sung (500 g Lithovit je 100 l Wasser).<\/div>\n<div><\/div>\n<div>Empfohlen ab dem Blattaustrieb bis kurz vor Erntebeginn.<\/div>\n<div><\/div>\n<div>Vorteile von Lithovit:<\/div>\n<ul>\n<li>Lithovit wird von der Pflanze direkt \u00fcber die Spalt\u00f6ffnungen aufgenommen<\/li>\n<li>im Blattinneren zerfallen die Lithovit- Teilchen und setzen neben den anderen Stoffen besonders CO2 frei<\/li>\n<li>Beschleunigt Wuchs und intensiviert Gr\u00fcnf\u00e4rbung<\/li>\n<li>Verbessert Ernteertrag, Qualit\u00e4t und Lagerf\u00e4higkeit<\/li>\n<li>Steigert Widerstandskraft, Wachstum und Vitalit\u00e4t<\/li>\n<li>Erh\u00f6ht Toleranz gegen Frost und Trockenheit<\/li>\n<li>Verbessert Stresstoleranz<\/li>\n<li>Vermindert Wasserbedarf<\/li>\n<li>Teilweise positive Auswirkungen auf Befall durch Schadinsekten<\/li>\n<li>Teilweise positive Auswirkungen bei Pilzerkarnkungen<\/li>\n<\/ul>\n<p>Teilweise reduzierte Pflanzenschutzma\u00dfnahmen<\/p>\n<p>Zusammensetzung<\/p>\n<ul>\n<li>60,0 % CaCO<sub>3<\/sub> Calciumcarbonat<\/li>\n<li>35,0 % CaO Calciumoxid<\/li>\n<li>12,0 % SiO<sub>2<\/sub> Siliziumdioxid<\/li>\n<li>2,0 % MgO Magnesiumoxid<\/li>\n<li>1,0 % Fe Eisen<\/li>\n<li>0,02 % Mn Mangan<\/li>\n<\/ul>\n","protected":false},"excerpt":{"rendered":"<p>Feinstvermahlener (&lt;10 \u00b5m), nat\u00fcrlicher Kalkstein mit essentiellen Spurenn\u00e4hrstoffen Kalkstein wird in einer speziellen Mikrom\u00fchle feinst vermahlen. Dabei zertr\u00fcmmern sich die D\u00fcngepartikel gegenseitig mit bis zu \u00dcberschallgeschwindigkeit. Die hierbei auftretenden Kollisionsenergien brechen die Kristallgitter auf und erzeugen eine gravierende Oberfl\u00e4chenver\u00e4nderung, welche verantwortlich ist f\u00fcr die besonderen &#8222;Lithovit- Effekte&#8220;. Lithovit ist zertifiziert [&hellip;]<\/p>\n","protected":false},"featured_media":566,"comment_status":"open","ping_status":"closed","template":"","meta":{"_themeisle_gutenberg_block_has_review":false},"product_cat":[49],"product_tag":[43,45,42,41,44],"jetpack_sharing_enabled":true,"_links":{"self":[{"href":"https:\/\/www.eco-bio-systems.de\/komposttee\/wp-json\/wp\/v2\/product\/565"}],"collection":[{"href":"https:\/\/www.eco-bio-systems.de\/komposttee\/wp-json\/wp\/v2\/product"}],"about":[{"href":"https:\/\/www.eco-bio-systems.de\/komposttee\/wp-json\/wp\/v2\/types\/product"}],"replies":[{"embeddable":true,"href":"https:\/\/www.eco-bio-systems.de\/komposttee\/wp-json\/wp\/v2\/comments?post=565"}],"wp:featuredmedia":[{"embeddable":true,"href":"https:\/\/www.eco-bio-systems.de\/komposttee\/wp-json\/wp\/v2\/media\/566"}],"wp:attachment":[{"href":"https:\/\/www.eco-bio-systems.de\/komposttee\/wp-json\/wp\/v2\/media?parent=565"}],"wp:term":[{"taxonomy":"product_cat","embeddable":true,"href":"https:\/\/www.eco-bio-systems.de\/komposttee\/wp-json\/wp\/v2\/product_cat?post=565"},{"taxonomy":"product_tag","embeddable":true,"href":"https:\/\/www.eco-bio-systems.de\/komposttee\/wp-json\/wp\/v2\/product_tag?post=565"}],"curies":[{"name":"wp","href":"https:\/\/api.w.org\/{rel}","templated":true}]}}